{"id":12972,"date":"2015-03-19T13:18:52","date_gmt":"2015-03-19T11:18:52","guid":{"rendered":"http:\/\/www.free-letics.com\/debutant-sur-freeletics-que-devez-vous-savoir-pour-commencer-sur-freeletics\/"},"modified":"2016-03-01T10:29:48","modified_gmt":"2016-03-01T08:29:48","slug":"debutant-sur-freeletics-que-devez-vous-savoir-pour-commencer-sur-freeletics","status":"publish","type":"page","link":"https:\/\/www.free-letics.com\/fr\/debutant-sur-freeletics-que-devez-vous-savoir-pour-commencer-sur-freeletics\/","title":{"rendered":"D\u00e9butant sur Freeletics: que devez-vous savoir pour commencer sur Freeletics"},"content":{"rendered":"<p><!--NoAds--><br \/>\nIci, vous trouverez des conseils sur la fa\u00e7on dont vous pouvez commencer l&rsquo;entra\u00eenement Freeletics en tant que d\u00e9butant.<!--more Jetzt weiterlesen &gt;&gt; --><\/p>\n<p>En principe, on doit distinguer si vous utilisez Freeletics gratuitement ou si vous vous \u00eates d\u00e9cid\u00e9 pour le programme d&rsquo;entra\u00eenement Freeletics.<\/p>\n<h2><span style=\"color: #3366ff;\"><strong>Freeletics gratuitement<\/strong><\/span><\/h2>\n<p>Vous pouvez acc\u00e9der gratuitement \u00e0 Freeletics, ce qui correspond au pack de base. C&rsquo;est-\u00e0-dire, p. ex., que vous pouvez t\u00e9l\u00e9charger l&rsquo;application Freeletics LITE sur votre smartphone Android ou iOS. De ce fait, vous avez acc\u00e8s \u00e0 quelques <a title=\"Exercices Freeletics\" href=\"https:\/\/www.free-letics.com\/freeletics-uebungen\/\" target=\"_blank\"><strong>exercices Freeletics<\/strong><\/a> et <a title=\"Workout Freeletics\" href=\"https:\/\/www.free-letics.com\/freeletics-workouts\/\" target=\"_blank\"><strong>workouts Freeletics<\/strong><\/a>. Naturellement, l&rsquo;application gratuite ne comporte pas de programme d&rsquo;entra\u00eenement. Vous devez donc utiliser les quelques contenus gratuits pour vous faire une id\u00e9e de Freeletics. Du fait que vous ayez un droit de r\u00e9tractation de 14 jours ou une garantie de remboursement avec Freeletics, le programme d&rsquo;entra\u00eenement est pour ainsi dire \u00ab gratuit \u00bb pendant 14 jours, ou plut\u00f4t sans engagement. Si vous n\u2019avez pas de smartphone, vous pouvez alors aussi bien vous inscrire sur la plate-forme Web. De cette fa\u00e7on aussi, vous pourrez voir les workouts gratuits. Toutefois, vous serez ensuite bien entendu li\u00e9 \u00e0 cet entra\u00eenement. Avec l\u2019application, vous pouvez aussi vous entra\u00eener en plein air, dans un gymnase etc.<\/p>\n<p>Il serait judicieux d&rsquo;essayer <a title=\"Workout Freeletics Aphrodite\" href=\"https:\/\/www.free-letics.com\/freeletics-aphrodite-workout\/\" target=\"_blank\"><strong>le workout Aphrodite<\/strong><\/a>, car il vous donne sans nul doute un avant-go\u00fbt de ce que vous pouvez attendre de Freeletics en tant qu&rsquo;<em>athl\u00e8te libre<\/em>. Le <a title=\"Workout Freeletics Dione\" href=\"https:\/\/www.free-letics.com\/freeletics-dione-workout\/\" target=\"_blank\"><strong>workout Dione<\/strong><\/a> ainsi que le <a title=\"Workout Freeletics M\u00e9tis\" href=\"https:\/\/www.free-letics.com\/freeletics-metis-workout-kostenlos\/\" target=\"_blank\"><strong>workout M\u00e9tis<\/strong><\/a> sont aussi disponibles gratuitement. Dans tous les cas, il est tr\u00e8s important de s&rsquo;\u00e9chauffer ; vous pouvez aussi consulter ma vid\u00e9o ci-dessous.<\/p>\n<p>Vous devriez de toute fa\u00e7on vous entra\u00eener 3 \u00e0 4 fois par semaine pour avoir une id\u00e9e du temps d&rsquo;entra\u00eenement n\u00e9cessaire en cas d&rsquo;achat du <a title=\"Entra\u00eeneur Freeletics \" href=\"https:\/\/www.free-letics.com\/freeletics-reduction-2015\" target=\"_blank\" rel=\"nofollow\"><strong>coach Freeletics<\/strong><\/a>.<br \/>\n<a href=\"https:\/\/www.free-letics.com\/freeletics-reduction-2015\" target=\"_blank\" rel=\"nofollow\" class=\"liexternal libenny\"><img loading=\"lazy\" decoding=\"async\" style=\"width: 300px; height: 472px;\" src=\"https:\/\/www.free-letics.com\/wp-content\/uploads\/2015\/02\/freeletics-intervalle-de-paiement.jpg\" alt=\"Freeletics intervalle de paiement 2015\" height=\"472\" width=\"300\"><\/a><\/p>\n<h2><span style=\"color: #3366ff;\"><strong>Entra\u00eenement avec le coach Freeletics<\/strong><\/span><\/h2>\n<p>Vous vous \u00eates d\u00e9cid\u00e9 \u00e0 acheter le coach Freeletics et vous avez re\u00e7u votre programme d&rsquo;entra\u00eenement : f\u00e9licitations !! Vous allez maintenant vraiment entamer une <a title=\"Exp\u00e9riences et succ\u00e8s Freeletics\" href=\"https:\/\/www.free-letics.com\/freeletics-erfahrungen-erfolge\/\" target=\"_blank\"><strong>transformation Freeletics<\/strong><\/a> sur mesure ! \ud83d\ude42<\/p>\n<p><strong>Vous devez absolument savoir<\/strong> qu&rsquo;\u00e0 compter de l&rsquo;inscription, vous avez 20 semaines pour aller jusqu&rsquo;au bout de votre programme d&rsquo;entra\u00eenement.<\/p>\n<p>Dans ce cas, le coach vous dira tout ce que vous devez faire : les sessions d&rsquo;entra\u00eenement ainsi que les workouts \u00e0 r\u00e9aliser. Une petite pr\u00e9cision : coach et programme d&rsquo;entra\u00eenement signifient finalement la m\u00eame chose.<\/p>\n<p>Il est important de savoir que chaque \u00a0\u00bb session \u00a0\u00bb affich\u00e9e dans le coach \u00e9quivaut \u00e0 un entra\u00eenement quotidien. Ce sont les exigences minimum, mais vous pouvez aussi (si vous vous en sentez capable et que vous \u00eates suffisamment en forme) tenter de suivre le workout MAX. \u00c0 vrai dire, si cela ne vous fatigue pas inutilement, cela ne peut que vous rendre plus fort. Je sugg\u00e9rerais cependant au d\u00e9butant de commencer par regarder comment sont fix\u00e9s les workouts ou les programmes d&rsquo;entra\u00eenement. Faites-le pendant 1 \u00e0 2 semaines.<\/p>\n<h3><span style=\"color: #3366ff;\"><strong>Bien d\u00e9terminer l&rsquo;axe de votre entra\u00eenement Freeletics<\/strong><\/span><\/h3>\n<p>Au d\u00e9but, c\u2019est \u00e9galement important de choisir les axes qui vous correspondent. Vous pouvez le faire lors de l\u2019inscription. Si vous deviez constater au cours du programme d\u2019entra\u00eenement que vous n&rsquo;avez pas choisi le bon coach, pas de panique ! Vous avez en effet la possibilit\u00e9 de modifier l\u2019axe du programme d\u2019entra\u00eenement pendant les 15 semaines (la modification est prise en compte \u00e0 partir de la semaine d\u2019entra\u00eenement suivante). Vous pouvez proc\u00e9der aux modifications dans l\u2019espace membres, dans votre profil. Voir ce sujet dans ma rubrique\u201a <strong><a href=\"https:\/\/www.free-letics.com\/freeletics-faqs\/\" target=\"_blank\" class=\"liexternal\">\u00a0\u00bb Questions et r\u00e9ponses \u00ab\u00a0<\/a><\/strong>.<\/p>\n<p>Voici un bref aper\u00e7u des 3 axes que nous proposons :<\/p>\n<ul>\n<li><strong>Cardio<\/strong> :\u00a0cet axe d\u2019entra\u00eenement est essentiellement choisi par les femmes et les athl\u00e8tes qui font de l\u2019endurance. Avec le coach Cardio, vous pouvez perfectionner votre endurance sans pour autant d\u00e9velopper une masse musculaire imposante.<\/li>\n<li><strong>Force<\/strong> :\u00a0comme le dit son nom, l\u2019objectif est de devenir plus fort et par cons\u00e9quent de d\u00e9velopper des muscles sans s\u2019engraisser (muscles maigres). En r\u00e8gle g\u00e9n\u00e9rale, ce sont les athl\u00e8tes ainsi que des hommes plut\u00f4t minces qui choisissent ce coach ax\u00e9 sur la force.<\/li>\n<li><strong>Cardio et force<\/strong> :\u00a0un m\u00e9lange des deux entra\u00eeneurs qui permet aussi bien d\u2019am\u00e9liorer l\u2019endurance que de d\u00e9velopper la musculature et de diminuer les graisses. Le groupe de clients principal est constitu\u00e9 de personnes en surpoids (surtout des hommes) ainsi que de bons athl\u00e8tes. Ce programme d&rsquo;entra\u00eenement vous offrira davantage d&rsquo;alternance.<\/li>\n<\/ul>\n<h3><span style=\"color: #3366ff;\"><strong>S&rsquo;\u00e9chauffer<\/strong><\/span><\/h3>\n<p>Dans tous les cas, vous devriez toujours veiller \u00e0 vous \u00e9chauffer avant l&rsquo;entra\u00eenement. J&rsquo;ai d\u00e9j\u00e0 t\u00e9l\u00e9charg\u00e9 une vid\u00e9o sur YouTube o\u00f9 je montre un exemple d&rsquo;\u00e9chauffement.<br \/>\n<iframe loading=\"lazy\" src=\"\/\/www.youtube-nocookie.com\/embed\/NqjvLzKbMk4?rel=0\" width=\"560\" height=\"315\" frameborder=\"0\" allowfullscreen=\"allowfullscreen\"><\/iframe><\/p>\n<h3><span style=\"color: #3366ff;\"><strong>Pauses pendant les s\u00e9ances d&rsquo;entra\u00eenement<\/strong><\/span><\/h3>\n<p>En principe, vous pouvez prendre le temps que vous voulez pour vos workouts. Naturellement, en r\u00e8gle g\u00e9n\u00e9rale vous devrez bien vite remballer vos ambitions car \u00e0 chaque workout, le temps s\u2019\u00e9coule. Vous ne devez donc pas vous laisser stresser. En effet : surtout au d\u00e9but, il est peut-\u00eatre plus important d\u2019acqu\u00e9rir une excellente technique (voir les vid\u00e9os explicatives des <a title=\"Exercices Freeletics\" href=\"https:\/\/www.free-letics.com\/freeletics-uebungen\/\" target=\"_blank\"><strong>exercices Freeletics<\/strong><\/a>), plut\u00f4t que d&rsquo;avoir un meilleur temps comparable \u00e0 celui des <em>athl\u00e8tes professionnels<\/em>.<\/p>\n<p>Aucune pause n&rsquo;est pr\u00e9vue dans la plupart des workouts. Ici, il faut aller aussi vite que possible pour se sentir bien. Les pauses fix\u00e9es doivent \u00eatre rigoureusement respect\u00e9es.<\/p>\n<h3><span style=\"color: #3366ff;\"><strong>Prochaine \u00e9tape : Freeletics et nutrition<\/strong><\/span><\/h3>\n<p>Le succ\u00e8s de votre entra\u00eenement avec Freeletics d\u00e9pendra aussi de votre alimentation. Vous connaissez peut-\u00eatre l\u2019expression \u201c \u00e9liminer \u201d ? Elle est particuli\u00e8rement pertinente dans le cadre de ce programme.<br \/>\nInutile de vous gaver de compl\u00e9ments alimentaires lors de votre entra\u00eenement. Au contraire : choisissez les aliments frais. Mais ce n&rsquo;est pas tout : vous devrez aussi choisir les bons aliments pour atteindre votre objectif (qu&rsquo;est-ce qui fait perdre du poids en r\u00e8gle g\u00e9n\u00e9ral ou qui favorise la croissance musculaire, ou les deux). C&rsquo;est l\u00e0 que le <a title=\"Guide nutritionnel Freeletics\" href=\"https:\/\/www.free-letics.com\/fr\/guide-nutritionnel-freeletics\/\" target=\"_blank\"><strong>guide nutritionnel Freeletics<\/strong><\/a> entre en jeu.<\/p>\n<p>Le guide nutritionnel vous aide \u00e0 atteindre votre objectif sans acheter de compl\u00e9ments hors de prix. Vous recevez chaque semaine des recettes int\u00e9ressantes et faciles \u00e0 pr\u00e9parer.<\/p>\n<p>Vous trouverez d&rsquo;autres r\u00e9ponses utiles aux questions fr\u00e9quemment pos\u00e9es dans ma <a title=\"FAQ Freeletics\" href=\"https:\/\/www.free-letics.com\/freeletics-faqs\/\" target=\"_blank\"><strong>rubrique Questions et r\u00e9ponses<\/strong><\/a> bien compl\u00e8te.<br \/>\n<div class=\"g g-9\"><div class=\"g-single a-75\"><script async src=\"\/\/pagead2.googlesyndication.com\/pagead\/js\/adsbygoogle.js\"><\/script>\r\n<!-- Free-letics ende der seite ab 05.11.2015 -->\r\n<ins class=\"adsbygoogle\"\r\n     style=\"display:inline-block;width:336px;height:280px\"\r\n     data-ad-client=\"ca-pub-6443762477571558\"\r\n     data-ad-slot=\"8398746622\"><\/ins>\r\n<script>\r\n(adsbygoogle = window.adsbygoogle || []).push({});\r\n<\/script><\/div><\/div><\/p>\n","protected":false},"excerpt":{"rendered":"<p>Ici, vous trouverez des conseils sur la fa\u00e7on dont vous pouvez commencer l&rsquo;entra\u00eenement Freeletics en tant que d\u00e9butant.<\/p>\n","protected":false},"author":3,"featured_media":0,"parent":0,"menu_order":0,"comment_status":"open","ping_status":"open","template":"","meta":{"footnotes":""},"class_list":["post-12972","page","type-page","status-publish"],"yoast_head":"<!-- This site is optimized with the Yoast SEO plugin v26.4 - https:\/\/yoast.com\/wordpress\/plugins\/seo\/ -->\n<title>D\u00e9butant Freeletics : ce que vous devez savoir pour commencer<\/title>\n<meta name=\"description\" content=\"Ici, vous trouverez quelques conseils sur la fa\u00e7on dont vous pouvez commencer l&#039;entra\u00eenement Freeletics en tant que d\u00e9butant.\" \/>\n<meta name=\"robots\" content=\"index, follow, max-snippet:-1, max-image-preview:large, max-video-preview:-1\" \/>\n<link rel=\"canonical\" href=\"https:\/\/www.free-letics.com\/fr\/debutant-sur-freeletics-que-devez-vous-savoir-pour-commencer-sur-freeletics\/\" \/>\n<meta name=\"twitter:label1\" content=\"Dur\u00e9e de lecture estim\u00e9e\" \/>\n\t<meta name=\"twitter:data1\" content=\"5 minutes\" \/>\n<script type=\"application\/ld+json\" class=\"yoast-schema-graph\">{\"@context\":\"https:\/\/schema.org\",\"@graph\":[{\"@type\":\"WebPage\",\"@id\":\"https:\/\/www.free-letics.com\/fr\/debutant-sur-freeletics-que-devez-vous-savoir-pour-commencer-sur-freeletics\/\",\"url\":\"https:\/\/www.free-letics.com\/fr\/debutant-sur-freeletics-que-devez-vous-savoir-pour-commencer-sur-freeletics\/\",\"name\":\"D\u00e9butant Freeletics : ce que vous devez savoir pour commencer\",\"isPartOf\":{\"@id\":\"https:\/\/www.free-letics.com\/#website\"},\"primaryImageOfPage\":{\"@id\":\"https:\/\/www.free-letics.com\/fr\/debutant-sur-freeletics-que-devez-vous-savoir-pour-commencer-sur-freeletics\/#primaryimage\"},\"image\":{\"@id\":\"https:\/\/www.free-letics.com\/fr\/debutant-sur-freeletics-que-devez-vous-savoir-pour-commencer-sur-freeletics\/#primaryimage\"},\"thumbnailUrl\":\"https:\/\/www.free-letics.com\/wp-content\/uploads\/2015\/02\/freeletics-intervalle-de-paiement.jpg\",\"datePublished\":\"2015-03-19T11:18:52+00:00\",\"dateModified\":\"2016-03-01T08:29:48+00:00\",\"description\":\"Ici, vous trouverez quelques conseils sur la fa\u00e7on dont vous pouvez commencer l'entra\u00eenement Freeletics en tant que d\u00e9butant.\",\"breadcrumb\":{\"@id\":\"https:\/\/www.free-letics.com\/fr\/debutant-sur-freeletics-que-devez-vous-savoir-pour-commencer-sur-freeletics\/#breadcrumb\"},\"inLanguage\":\"fr-FR\",\"potentialAction\":[{\"@type\":\"ReadAction\",\"target\":[\"https:\/\/www.free-letics.com\/fr\/debutant-sur-freeletics-que-devez-vous-savoir-pour-commencer-sur-freeletics\/\"]}]},{\"@type\":\"ImageObject\",\"inLanguage\":\"fr-FR\",\"@id\":\"https:\/\/www.free-letics.com\/fr\/debutant-sur-freeletics-que-devez-vous-savoir-pour-commencer-sur-freeletics\/#primaryimage\",\"url\":\"https:\/\/www.free-letics.com\/wp-content\/uploads\/2015\/02\/freeletics-intervalle-de-paiement.jpg\",\"contentUrl\":\"https:\/\/www.free-letics.com\/wp-content\/uploads\/2015\/02\/freeletics-intervalle-de-paiement.jpg\"},{\"@type\":\"BreadcrumbList\",\"@id\":\"https:\/\/www.free-letics.com\/fr\/debutant-sur-freeletics-que-devez-vous-savoir-pour-commencer-sur-freeletics\/#breadcrumb\",\"itemListElement\":[{\"@type\":\"ListItem\",\"position\":1,\"name\":\"Home\",\"item\":\"https:\/\/www.free-letics.com\/\"},{\"@type\":\"ListItem\",\"position\":2,\"name\":\"D\u00e9butant sur Freeletics: que devez-vous savoir pour commencer sur Freeletics\"}]},{\"@type\":\"WebSite\",\"@id\":\"https:\/\/www.free-letics.com\/#website\",\"url\":\"https:\/\/www.free-letics.com\/\",\"name\":\"Freeletics Info\",\"description\":\"Kostenlose Freeletics Informationen zu App, Trainingsplan, Workout und Ern\u00e4hrung\",\"potentialAction\":[{\"@type\":\"SearchAction\",\"target\":{\"@type\":\"EntryPoint\",\"urlTemplate\":\"https:\/\/www.free-letics.com\/?s={search_term_string}\"},\"query-input\":{\"@type\":\"PropertyValueSpecification\",\"valueRequired\":true,\"valueName\":\"search_term_string\"}}],\"inLanguage\":\"fr-FR\"}]}<\/script>\n<!-- \/ Yoast SEO plugin. -->","yoast_head_json":{"title":"D\u00e9butant Freeletics : ce que vous devez savoir pour commencer","description":"Ici, vous trouverez quelques conseils sur la fa\u00e7on dont vous pouvez commencer l'entra\u00eenement Freeletics en tant que d\u00e9butant.","robots":{"index":"index","follow":"follow","max-snippet":"max-snippet:-1","max-image-preview":"max-image-preview:large","max-video-preview":"max-video-preview:-1"},"canonical":"https:\/\/www.free-letics.com\/fr\/debutant-sur-freeletics-que-devez-vous-savoir-pour-commencer-sur-freeletics\/","twitter_misc":{"Dur\u00e9e de lecture estim\u00e9e":"5 minutes"},"schema":{"@context":"https:\/\/schema.org","@graph":[{"@type":"WebPage","@id":"https:\/\/www.free-letics.com\/fr\/debutant-sur-freeletics-que-devez-vous-savoir-pour-commencer-sur-freeletics\/","url":"https:\/\/www.free-letics.com\/fr\/debutant-sur-freeletics-que-devez-vous-savoir-pour-commencer-sur-freeletics\/","name":"D\u00e9butant Freeletics : ce que vous devez savoir pour commencer","isPartOf":{"@id":"https:\/\/www.free-letics.com\/#website"},"primaryImageOfPage":{"@id":"https:\/\/www.free-letics.com\/fr\/debutant-sur-freeletics-que-devez-vous-savoir-pour-commencer-sur-freeletics\/#primaryimage"},"image":{"@id":"https:\/\/www.free-letics.com\/fr\/debutant-sur-freeletics-que-devez-vous-savoir-pour-commencer-sur-freeletics\/#primaryimage"},"thumbnailUrl":"https:\/\/www.free-letics.com\/wp-content\/uploads\/2015\/02\/freeletics-intervalle-de-paiement.jpg","datePublished":"2015-03-19T11:18:52+00:00","dateModified":"2016-03-01T08:29:48+00:00","description":"Ici, vous trouverez quelques conseils sur la fa\u00e7on dont vous pouvez commencer l'entra\u00eenement Freeletics en tant que d\u00e9butant.","breadcrumb":{"@id":"https:\/\/www.free-letics.com\/fr\/debutant-sur-freeletics-que-devez-vous-savoir-pour-commencer-sur-freeletics\/#breadcrumb"},"inLanguage":"fr-FR","potentialAction":[{"@type":"ReadAction","target":["https:\/\/www.free-letics.com\/fr\/debutant-sur-freeletics-que-devez-vous-savoir-pour-commencer-sur-freeletics\/"]}]},{"@type":"ImageObject","inLanguage":"fr-FR","@id":"https:\/\/www.free-letics.com\/fr\/debutant-sur-freeletics-que-devez-vous-savoir-pour-commencer-sur-freeletics\/#primaryimage","url":"https:\/\/www.free-letics.com\/wp-content\/uploads\/2015\/02\/freeletics-intervalle-de-paiement.jpg","contentUrl":"https:\/\/www.free-letics.com\/wp-content\/uploads\/2015\/02\/freeletics-intervalle-de-paiement.jpg"},{"@type":"BreadcrumbList","@id":"https:\/\/www.free-letics.com\/fr\/debutant-sur-freeletics-que-devez-vous-savoir-pour-commencer-sur-freeletics\/#breadcrumb","itemListElement":[{"@type":"ListItem","position":1,"name":"Home","item":"https:\/\/www.free-letics.com\/"},{"@type":"ListItem","position":2,"name":"D\u00e9butant sur Freeletics: que devez-vous savoir pour commencer sur Freeletics"}]},{"@type":"WebSite","@id":"https:\/\/www.free-letics.com\/#website","url":"https:\/\/www.free-letics.com\/","name":"Freeletics Info","description":"Kostenlose Freeletics Informationen zu App, Trainingsplan, Workout und Ern\u00e4hrung","potentialAction":[{"@type":"SearchAction","target":{"@type":"EntryPoint","urlTemplate":"https:\/\/www.free-letics.com\/?s={search_term_string}"},"query-input":{"@type":"PropertyValueSpecification","valueRequired":true,"valueName":"search_term_string"}}],"inLanguage":"fr-FR"}]}},"_links":{"self":[{"href":"https:\/\/www.free-letics.com\/fr\/wp-json\/wp\/v2\/pages\/12972","targetHints":{"allow":["GET"]}}],"collection":[{"href":"https:\/\/www.free-letics.com\/fr\/wp-json\/wp\/v2\/pages"}],"about":[{"href":"https:\/\/www.free-letics.com\/fr\/wp-json\/wp\/v2\/types\/page"}],"author":[{"embeddable":true,"href":"https:\/\/www.free-letics.com\/fr\/wp-json\/wp\/v2\/users\/3"}],"replies":[{"embeddable":true,"href":"https:\/\/www.free-letics.com\/fr\/wp-json\/wp\/v2\/comments?post=12972"}],"version-history":[{"count":0,"href":"https:\/\/www.free-letics.com\/fr\/wp-json\/wp\/v2\/pages\/12972\/revisions"}],"wp:attachment":[{"href":"https:\/\/www.free-letics.com\/fr\/wp-json\/wp\/v2\/media?parent=12972"}],"curies":[{"name":"wp","href":"https:\/\/api.w.org\/{rel}","templated":true}]}}