{"id":2464,"date":"2014-10-04T13:49:39","date_gmt":"2014-10-04T11:49:39","guid":{"rendered":"http:\/\/www.free-letics.com\/precios-de-freeletics\/"},"modified":"2015-09-05T00:13:37","modified_gmt":"2015-09-04T22:13:37","slug":"precios-de-freeletics","status":"publish","type":"page","link":"https:\/\/www.free-letics.com\/es\/precios-de-freeletics\/","title":{"rendered":"Precios de Freeletics"},"content":{"rendered":"<p><img loading=\"lazy\" decoding=\"async\" class=\"size-full wp-image-257 aligncenter\" src=\"https:\/\/www.free-letics.com\/wp-content\/uploads\/2014\/05\/Freeletics-Training-Kosten.jpg\" alt=\"Precios de Freeletics Training\" width=\"473\" height=\"253\" srcset=\"https:\/\/www.free-letics.com\/wp-content\/uploads\/2014\/05\/Freeletics-Training-Kosten.jpg 473w, https:\/\/www.free-letics.com\/wp-content\/uploads\/2014\/05\/Freeletics-Training-Kosten-300x160.jpg 300w\" sizes=\"auto, (max-width: 473px) 100vw, 473px\" \/><br \/>\nSi bien tienes la posibilidad recibir una parte de Freeletics Training de forma gratuita, el acceso a todo el contenido es, en todo caso, de pago.<\/p>\n<p>As\u00ed pues, estos son los 3 aspectos de Freeletics incluidos en la versi\u00f3n de pago:<\/p>\n<ul>\n<li>El <strong>coach de Freeletics<\/strong><\/li>\n<li>La <strong>gu\u00eda de alimentaci\u00f3n de Freeletics<\/strong><\/li>\n<li><del datetime=\"2014-09-30T09:18:51+00:00\">La versi\u00f3n gratuita de la app de <strong>app de<\/strong> Freeletics <\/del>A partir de la gran actualizaci\u00f3n de Freeletics de septiembre de 2014, solo habr\u00e1 una APP gratuita y ninguna diferencia entre la versi\u00f3n gratuita y la versi\u00f3n PRO<\/li>\n<\/ul>\n<h2><strong>Coach de Freeletics<\/strong><\/h2>\n<p>El coach de Freeletics consiste en un <strong>plan de entrenamiento<\/strong>, que realizar\u00e1s con Freeletics durante 15 semanas. El acceso al coach cuesta 39,90 \u20ac. El importe es un pago \u00fanico que cubre las 15 semanas. Transcurrido este per\u00edodo, el coach se renueva autom\u00e1ticamente para que contin\u00faes con la siguiente fase sin interrupciones. La suscripci\u00f3n puede cancelarse al instante en cualquier momento.\u00a0Una semana del coach de Freeletics cuesta tan solo 2,66 \u20ac. Con un promedio de 4 tablas de ejercicio a la semana, el precio por unidad se queda en 67 c\u00e9ntimos \ud83d\ude09<\/p>\n<p>En <a title=\"Freeletics Coach\" href=\"https:\/\/www.free-letics.com\/freeletics-coach\/\" target=\"_blank\"><strong>Freeletics Coach<\/strong><\/a> encontrar\u00e1s m\u00e1s informaci\u00f3n sobre el entrenamiento.<\/p>\n<h2><strong>Gu\u00eda de alimentaci\u00f3n de Freeletics<\/strong><\/h2>\n<p>La gu\u00eda de alimentaci\u00f3n de Freeletics sirve de ayuda para llevar una dieta sana y garantizar el \u00e9xito del entrenamiento evitando h\u00e1bitos alimenticios perjudiciales. El acceso a la gu\u00eda de alimentaci\u00f3n cuesta 29,90 \u20ac. En este caso el importe tambi\u00e9n es un pago \u00fanico que cubre las 15 semanas. No se trata de una suscripci\u00f3n mediante la cual se renueve autom\u00e1ticamente alg\u00fan servicio. No adquieres ning\u00fan compromiso. La gu\u00eda de alimentaci\u00f3n semanal de Freeletics cuesta 1,99 \u20ac. Todas las semanas se publican recetas nuevas muy f\u00e1ciles de preparar. Esto genera un valor a\u00f1adido en las <strong>recetas de Freeletics<\/strong>, ya que le aportan al organismo todo lo necesario para que aproveche al m\u00e1ximo las 15 semanas de ejercicio.<\/p>\n<p>En <a title=\"Gu\u00eda de alimentaci\u00f3n de Freeletics\" href=\"https:\/\/www.free-letics.com\/es\/guia-de-alimentacion-de-freeletics\/\" target=\"_blank\"><strong>Gu\u00eda de alimentaci\u00f3n de Freeletics<\/strong><\/a> encontrar\u00e1s m\u00e1s informaci\u00f3n al respecto.<\/p>\n<h2><strong>App Freeletics<\/strong><\/h2>\n<p>NOVEDAD:<strong>A partir de la gran actualizaci\u00f3n de Freeletics de septiembre de 2014, solo habr\u00e1 una APP gratuita y <em>ninguna<\/em> diferencia entre la versi\u00f3n gratuita y la versi\u00f3n PRO. Con los datos de inicio de sesi\u00f3n en el coach de Freeletics se desbloquear\u00e1n todas las funciones y ejercicios de la aplicaci\u00f3n.<\/strong><br \/>\n<del datetime=\"2014-09-30T09:13:43+00:00\">Por \u00faltimo, te recordamos que vale la pena invertir en la app de Freeletics.<\/del> Est\u00e1 disponible en las tiendas oficiales de aplicaciones para dispositivos iOS y Android. <del datetime=\"2014-09-30T09:13:43+00:00\">El precio de la app es de 4,99 \u20ac. En este caso tambi\u00e9n se trata de un pago \u00fanico sin suscripci\u00f3n. Pago \u00fanico para licencia perpetua. Para llevar a cabo las 15 semanas de Freeletics Training te ruego encarecidamente que dediques esos casi 5,00 \u20ac a la app.<\/del> De no ser as\u00ed, te resultar\u00e1 dif\u00edcil realizar tus ejercicios al aire libre. L\u00f3gicamente, existe la posibilidad de introducir los resultados posteriormente, si bien para ello te tendr\u00e1s que apuntar los ejercicios y tablas de Freeletics que haces habitualmente y el tiempo que dedicas a cada uno de ellos. Esto resulta complicado y no suele ser especialmente divertido.<\/p>\n<p>En <a title=\"App de Freeletics\" href=\"https:\/\/www.free-letics.com\/freeletics-app\/\" target=\"_blank\"><strong>App de Freeletics<\/strong><\/a> encontrar\u00e1s m\u00e1s informaci\u00f3n al respecto.<\/p>\n<p style=\"text-align: center;\">&#8212;&#8212;&#8212;&#8212;&#8212;&#8211;<\/p>\n<h2><strong>Freeletics gratis<\/strong><\/h2>\n<p>Como hemos mencionado anteriormente, se pueden ver un par de ejercicios y tablas de forma gratuita. Para ello ve a <a title=\"Ejercicios de Freeletics\" href=\"https:\/\/www.free-letics.com\/freeletics-uebungen\/\" target=\"_blank\"><strong>Ejercicios de Freeletics<\/strong><\/a> y <a title=\"Tabla de Freeletics\" href=\"https:\/\/www.free-letics.com\/freeletics-workouts\/\" target=\"_blank\"><strong>Tablas de Freeletics<\/strong><\/a>.<\/p>\n<h2><strong>Garant\u00eda de devoluci\u00f3n de Freeletics<\/strong><\/h2>\n<p>Por \u00faltimo, hay que mencionar que Freeletics ofrece <strong>una garant\u00eda de devoluci\u00f3n sin condiciones <\/strong>durante un plazo de 14 d\u00edas a partir de la fecha de compra del Coach y de la Gu\u00eda de alimentaci\u00f3n. La aplicaci\u00f3n no incluye dicha garant\u00eda y en su caso depende de las condiciones de Google y Apple. Con la garant\u00eda de devoluci\u00f3n no correr\u00e1s ning\u00fan riesgo.<\/p>\n<p>Hoy es un buen d\u00eda para animarse a dejar de seguir posponiendo el deseo un \u00abYo\u00bb con mejor forma f\u00edsica. Si no te gusta, dispones de un plazo de 14 d\u00edas para recuperar tu dinero. Si te gusta, estar\u00e1s en el mejor camino hacia tu nuevo \u00abYo\u00bb \ud83d\ude42<\/p>\n<p>Haz clic en el banner de este sitio web para ir directamente a la p\u00e1gina de Freeletics.<br \/>\n<div class=\"g g-10\"><div class=\"g-single a-75\"><script async src=\"\/\/pagead2.googlesyndication.com\/pagead\/js\/adsbygoogle.js\"><\/script>\r\n<!-- Free-letics ende der seite ab 05.11.2015 -->\r\n<ins class=\"adsbygoogle\"\r\n     style=\"display:inline-block;width:336px;height:280px\"\r\n     data-ad-client=\"ca-pub-6443762477571558\"\r\n     data-ad-slot=\"8398746622\"><\/ins>\r\n<script>\r\n(adsbygoogle = window.adsbygoogle || []).push({});\r\n<\/script><\/div><\/div><\/p>\n","protected":false},"excerpt":{"rendered":"<p>Si bien tienes la posibilidad recibir una parte de Freeletics Training de forma gratuita, el acceso a todo el contenido es, en todo caso, de pago. As\u00ed pues, estos son los 3 aspectos de Freeletics incluidos en la versi\u00f3n de pago: El coach de Freeletics La gu\u00eda de alimentaci\u00f3n de Freeletics La versi\u00f3n gratuita de [&hellip;]<\/p>\n","protected":false},"author":2,"featured_media":0,"parent":0,"menu_order":0,"comment_status":"closed","ping_status":"closed","template":"","meta":{"footnotes":""},"class_list":["post-2464","page","type-page","status-publish"],"yoast_head":"<!-- This site is optimized with the Yoast SEO plugin v26.4 - https:\/\/yoast.com\/wordpress\/plugins\/seo\/ -->\n<title>Precios de Freeletics<\/title>\n<meta name=\"description\" content=\"Informaci\u00f3n gratuita sobre los precios de Freeletics. \u00bfQu\u00e9 precio tiene la Gu\u00eda de alimentaci\u00f3n?, \u00bfCu\u00e1nto cuesta el Coach? y \u00bfQu\u00e9 incluye la aplicaci\u00f3n de pago? &gt;&gt;&gt;\" \/>\n<meta name=\"robots\" content=\"index, follow, max-snippet:-1, max-image-preview:large, max-video-preview:-1\" \/>\n<link rel=\"canonical\" href=\"https:\/\/www.free-letics.com\/es\/precios-de-freeletics\/\" \/>\n<meta name=\"twitter:label1\" content=\"Tiempo de lectura\" \/>\n\t<meta name=\"twitter:data1\" content=\"4 minutos\" \/>\n<script type=\"application\/ld+json\" class=\"yoast-schema-graph\">{\"@context\":\"https:\/\/schema.org\",\"@graph\":[{\"@type\":\"WebPage\",\"@id\":\"https:\/\/www.free-letics.com\/es\/precios-de-freeletics\/\",\"url\":\"https:\/\/www.free-letics.com\/es\/precios-de-freeletics\/\",\"name\":\"Precios de Freeletics\",\"isPartOf\":{\"@id\":\"https:\/\/www.free-letics.com\/#website\"},\"primaryImageOfPage\":{\"@id\":\"https:\/\/www.free-letics.com\/es\/precios-de-freeletics\/#primaryimage\"},\"image\":{\"@id\":\"https:\/\/www.free-letics.com\/es\/precios-de-freeletics\/#primaryimage\"},\"thumbnailUrl\":\"https:\/\/www.free-letics.com\/wp-content\/uploads\/2014\/05\/Freeletics-Training-Kosten.jpg\",\"datePublished\":\"2014-10-04T11:49:39+00:00\",\"dateModified\":\"2015-09-04T22:13:37+00:00\",\"description\":\"Informaci\u00f3n gratuita sobre los precios de Freeletics. \u00bfQu\u00e9 precio tiene la Gu\u00eda de alimentaci\u00f3n?, \u00bfCu\u00e1nto cuesta el Coach? y \u00bfQu\u00e9 incluye la aplicaci\u00f3n de pago? >>>\",\"breadcrumb\":{\"@id\":\"https:\/\/www.free-letics.com\/es\/precios-de-freeletics\/#breadcrumb\"},\"inLanguage\":\"es\",\"potentialAction\":[{\"@type\":\"ReadAction\",\"target\":[\"https:\/\/www.free-letics.com\/es\/precios-de-freeletics\/\"]}]},{\"@type\":\"ImageObject\",\"inLanguage\":\"es\",\"@id\":\"https:\/\/www.free-letics.com\/es\/precios-de-freeletics\/#primaryimage\",\"url\":\"https:\/\/www.free-letics.com\/wp-content\/uploads\/2014\/05\/Freeletics-Training-Kosten.jpg\",\"contentUrl\":\"https:\/\/www.free-letics.com\/wp-content\/uploads\/2014\/05\/Freeletics-Training-Kosten.jpg\"},{\"@type\":\"BreadcrumbList\",\"@id\":\"https:\/\/www.free-letics.com\/es\/precios-de-freeletics\/#breadcrumb\",\"itemListElement\":[{\"@type\":\"ListItem\",\"position\":1,\"name\":\"Home\",\"item\":\"https:\/\/www.free-letics.com\/\"},{\"@type\":\"ListItem\",\"position\":2,\"name\":\"Precios de Freeletics\"}]},{\"@type\":\"WebSite\",\"@id\":\"https:\/\/www.free-letics.com\/#website\",\"url\":\"https:\/\/www.free-letics.com\/\",\"name\":\"Freeletics Info\",\"description\":\"Kostenlose Freeletics Informationen zu App, Trainingsplan, Workout und Ern\u00e4hrung\",\"potentialAction\":[{\"@type\":\"SearchAction\",\"target\":{\"@type\":\"EntryPoint\",\"urlTemplate\":\"https:\/\/www.free-letics.com\/?s={search_term_string}\"},\"query-input\":{\"@type\":\"PropertyValueSpecification\",\"valueRequired\":true,\"valueName\":\"search_term_string\"}}],\"inLanguage\":\"es\"}]}<\/script>\n<!-- \/ Yoast SEO plugin. -->","yoast_head_json":{"title":"Precios de Freeletics","description":"Informaci\u00f3n gratuita sobre los precios de Freeletics. \u00bfQu\u00e9 precio tiene la Gu\u00eda de alimentaci\u00f3n?, \u00bfCu\u00e1nto cuesta el Coach? y \u00bfQu\u00e9 incluye la aplicaci\u00f3n de pago? >>>","robots":{"index":"index","follow":"follow","max-snippet":"max-snippet:-1","max-image-preview":"max-image-preview:large","max-video-preview":"max-video-preview:-1"},"canonical":"https:\/\/www.free-letics.com\/es\/precios-de-freeletics\/","twitter_misc":{"Tiempo de lectura":"4 minutos"},"schema":{"@context":"https:\/\/schema.org","@graph":[{"@type":"WebPage","@id":"https:\/\/www.free-letics.com\/es\/precios-de-freeletics\/","url":"https:\/\/www.free-letics.com\/es\/precios-de-freeletics\/","name":"Precios de Freeletics","isPartOf":{"@id":"https:\/\/www.free-letics.com\/#website"},"primaryImageOfPage":{"@id":"https:\/\/www.free-letics.com\/es\/precios-de-freeletics\/#primaryimage"},"image":{"@id":"https:\/\/www.free-letics.com\/es\/precios-de-freeletics\/#primaryimage"},"thumbnailUrl":"https:\/\/www.free-letics.com\/wp-content\/uploads\/2014\/05\/Freeletics-Training-Kosten.jpg","datePublished":"2014-10-04T11:49:39+00:00","dateModified":"2015-09-04T22:13:37+00:00","description":"Informaci\u00f3n gratuita sobre los precios de Freeletics. \u00bfQu\u00e9 precio tiene la Gu\u00eda de alimentaci\u00f3n?, \u00bfCu\u00e1nto cuesta el Coach? y \u00bfQu\u00e9 incluye la aplicaci\u00f3n de pago? >>>","breadcrumb":{"@id":"https:\/\/www.free-letics.com\/es\/precios-de-freeletics\/#breadcrumb"},"inLanguage":"es","potentialAction":[{"@type":"ReadAction","target":["https:\/\/www.free-letics.com\/es\/precios-de-freeletics\/"]}]},{"@type":"ImageObject","inLanguage":"es","@id":"https:\/\/www.free-letics.com\/es\/precios-de-freeletics\/#primaryimage","url":"https:\/\/www.free-letics.com\/wp-content\/uploads\/2014\/05\/Freeletics-Training-Kosten.jpg","contentUrl":"https:\/\/www.free-letics.com\/wp-content\/uploads\/2014\/05\/Freeletics-Training-Kosten.jpg"},{"@type":"BreadcrumbList","@id":"https:\/\/www.free-letics.com\/es\/precios-de-freeletics\/#breadcrumb","itemListElement":[{"@type":"ListItem","position":1,"name":"Home","item":"https:\/\/www.free-letics.com\/"},{"@type":"ListItem","position":2,"name":"Precios de Freeletics"}]},{"@type":"WebSite","@id":"https:\/\/www.free-letics.com\/#website","url":"https:\/\/www.free-letics.com\/","name":"Freeletics Info","description":"Kostenlose Freeletics Informationen zu App, Trainingsplan, Workout und Ern\u00e4hrung","potentialAction":[{"@type":"SearchAction","target":{"@type":"EntryPoint","urlTemplate":"https:\/\/www.free-letics.com\/?s={search_term_string}"},"query-input":{"@type":"PropertyValueSpecification","valueRequired":true,"valueName":"search_term_string"}}],"inLanguage":"es"}]}},"_links":{"self":[{"href":"https:\/\/www.free-letics.com\/es\/wp-json\/wp\/v2\/pages\/2464","targetHints":{"allow":["GET"]}}],"collection":[{"href":"https:\/\/www.free-letics.com\/es\/wp-json\/wp\/v2\/pages"}],"about":[{"href":"https:\/\/www.free-letics.com\/es\/wp-json\/wp\/v2\/types\/page"}],"author":[{"embeddable":true,"href":"https:\/\/www.free-letics.com\/es\/wp-json\/wp\/v2\/users\/2"}],"replies":[{"embeddable":true,"href":"https:\/\/www.free-letics.com\/es\/wp-json\/wp\/v2\/comments?post=2464"}],"version-history":[{"count":0,"href":"https:\/\/www.free-letics.com\/es\/wp-json\/wp\/v2\/pages\/2464\/revisions"}],"wp:attachment":[{"href":"https:\/\/www.free-letics.com\/es\/wp-json\/wp\/v2\/media?parent=2464"}],"curies":[{"name":"wp","href":"https:\/\/api.w.org\/{rel}","templated":true}]}}